{"id":15967,"date":"2017-09-21T18:08:08","date_gmt":"2017-09-21T18:08:08","guid":{"rendered":"http:\/\/servicios.abclatino.com?page_id=15967"},"modified":"2017-09-21T18:13:51","modified_gmt":"2017-09-21T18:13:51","slug":"servicios","status":"publish","type":"page","link":"https:\/\/servicios.abclatino.com\/es\/servicios","title":{"rendered":"Servicios"},"content":{"rendered":"<div class=\"l-subsection\"><div class=\"l-subsection-h g-html i-cf\"><p><img loading=\"lazy\" decoding=\"async\" class=\"wp-image-15968 aligncenter\" src=\"http:\/\/servicios.abclatino.com\/wp-content\/uploads\/2017\/09\/Digital-Marketing.png\" alt=\"\" width=\"1091\" height=\"404\" srcset=\"https:\/\/servicios.abclatino.com\/wp-content\/uploads\/2017\/09\/Digital-Marketing.png 851w, https:\/\/servicios.abclatino.com\/wp-content\/uploads\/2017\/09\/Digital-Marketing-300x111.png 300w, https:\/\/servicios.abclatino.com\/wp-content\/uploads\/2017\/09\/Digital-Marketing-768x284.png 768w, https:\/\/servicios.abclatino.com\/wp-content\/uploads\/2017\/09\/Digital-Marketing-600x222.png 600w\" sizes=\"(max-width: 1091px) 100vw, 1091px\" \/><\/p>\n<p style=\"text-align: center;\"><span style=\"font-size: 36pt;\"><strong>Nuestros Servicios<\/strong><\/span><\/p>\n<div class=\"g-hr\">\r\n\t\t\t\t\t\t<span class=\"g-hr-h\">\r\n\t\t\t\t\t\t\t<i class=\"fa fa-star\"><\/i>\r\n\t\t\t\t\t\t<\/span>\r\n\t\t\t\t\t<\/div>\n<p><img loading=\"lazy\" decoding=\"async\" class=\" wp-image-15776 alignleft\" src=\"http:\/\/servicios.abclatino.com\/wp-content\/uploads\/2016\/09\/Magazine-logo1.jpg\" alt=\"\" width=\"225\" height=\"225\" srcset=\"https:\/\/servicios.abclatino.com\/wp-content\/uploads\/2016\/09\/Magazine-logo1.jpg 353w, https:\/\/servicios.abclatino.com\/wp-content\/uploads\/2016\/09\/Magazine-logo1-150x150.jpg 150w, https:\/\/servicios.abclatino.com\/wp-content\/uploads\/2016\/09\/Magazine-logo1-300x300.jpg 300w\" sizes=\"(max-width: 225px) 100vw, 225px\" \/><\/p>\n<p><span style=\"font-size: 14pt;\"><strong>Publicidad en la revista digital<\/strong><\/span><\/p>\n<p><span style=\"font-size: 14pt;\">Nuestra revista alcanza y se enfoca en el mercado hispano y la poblaci\u00f3n latina como el mercado principal para nuestros anunciantes. Nuestra experiencia y conocimiento extenso de este demogr\u00e1fico, nos permite no s\u00f3lo preparar efectivamente una buena campa\u00f1a para cualquier producto y \/ o servicio, sino tambi\u00e9n para promover y exponer directamente su producto y \/ o servicios de manera efectiva.<\/span><\/p>\n<p>&nbsp;<\/p>\n<p>&nbsp;<\/p>\n<p><span style=\"font-size: 14pt;\"><div class=\"g-hr\">\r\n\t\t\t\t\t\t<span class=\"g-hr-h\">\r\n\t\t\t\t\t\t\t<i class=\"fa fa-star\"><\/i>\r\n\t\t\t\t\t\t<\/span>\r\n\t\t\t\t\t<\/div><\/span><\/p>\n<p><span style=\"font-size: 14pt;\"><img loading=\"lazy\" decoding=\"async\" class=\" wp-image-15971 alignright\" src=\"http:\/\/servicios.abclatino.com\/wp-content\/uploads\/2017\/09\/Marketers-300x208.jpg\" alt=\"\" width=\"403\" height=\"280\" srcset=\"https:\/\/servicios.abclatino.com\/wp-content\/uploads\/2017\/09\/Marketers-300x208.jpg 300w, https:\/\/servicios.abclatino.com\/wp-content\/uploads\/2017\/09\/Marketers-768x532.jpg 768w, https:\/\/servicios.abclatino.com\/wp-content\/uploads\/2017\/09\/Marketers-1024x709.jpg 1024w, https:\/\/servicios.abclatino.com\/wp-content\/uploads\/2017\/09\/Marketers-578x400.jpg 578w\" sizes=\"(max-width: 403px) 100vw, 403px\" \/><\/span><\/p>\n<p><span style=\"font-size: 14pt;\"><strong>Dise\u00f1o de materiales de marketing<\/strong><\/span><\/p>\n<p><span style=\"font-size: 14pt;\">Nuestro equipo de dise\u00f1o puede ayudarle a destacar entre una multitud de dise\u00f1os est\u00e1ndar y rancios. Usted necesita para excitar los sentidos de su p\u00fablico objetivo. Podemos dise\u00f1ar sus tarjetas de visita, folletos, carteles, folletos, men\u00fas, banners, invitaciones y casi cualquier otro elemento impreso que se pueda imaginar! Su material de marketing impreso son los \u00fanicos restos de su empresa que quedan atr\u00e1s despu\u00e9s de una reuni\u00f3n. Aseg\u00farese de que pasan la prueba. Toda nuestra misi\u00f3n es hacer que su negocio se vea genial. Eso significa darle el dise\u00f1o de encargo que es asequible, r\u00e1pido y sin complicaciones.<\/span><\/p>\n<p>&nbsp;<\/p>\n<p><span style=\"font-size: 14pt;\"><div class=\"g-hr\">\r\n\t\t\t\t\t\t<span class=\"g-hr-h\">\r\n\t\t\t\t\t\t\t<i class=\"fa fa-star\"><\/i>\r\n\t\t\t\t\t\t<\/span>\r\n\t\t\t\t\t<\/div><\/span><\/p>\n<p><span style=\"font-size: 14pt;\"><img loading=\"lazy\" decoding=\"async\" class=\"wp-image-15980 alignleft\" src=\"http:\/\/servicios.abclatino.com\/wp-content\/uploads\/2017\/09\/Logo-Design-300x135.png\" alt=\"\" width=\"505\" height=\"227\" srcset=\"https:\/\/servicios.abclatino.com\/wp-content\/uploads\/2017\/09\/Logo-Design-300x135.png 300w, https:\/\/servicios.abclatino.com\/wp-content\/uploads\/2017\/09\/Logo-Design-768x346.png 768w, https:\/\/servicios.abclatino.com\/wp-content\/uploads\/2017\/09\/Logo-Design-1024x461.png 1024w, https:\/\/servicios.abclatino.com\/wp-content\/uploads\/2017\/09\/Logo-Design-600x270.png 600w, https:\/\/servicios.abclatino.com\/wp-content\/uploads\/2017\/09\/Logo-Design.png 1405w\" sizes=\"(max-width: 505px) 100vw, 505px\" \/><\/span><\/p>\n<p><span style=\"font-size: 14pt;\"><strong>Dise\u00f1o de logotipos y marcas<\/strong><\/span><\/p>\n<p><span style=\"font-size: 14pt;\">La identidad de su empresa comienza con el dise\u00f1o de su logotipo. Usted puede confiar en una de las agencias digitales con m\u00e1s a\u00f1os de experiencia en el sector para alcanzar sus metas. Establecer una identidad de marca fuerte con un dise\u00f1o de logotipo instant\u00e1neamente reconocible es la forma m\u00e1s f\u00e1cil de diferenciar su presencia en l\u00ednea de otras empresas. Somos una agencia en l\u00ednea de marketing y dise\u00f1o digital que se especializa en la creaci\u00f3n y desarrollo de logotipos, dise\u00f1o de sitios web y marcas de negocios. Con el desarrollo de la marca, conseguimos que su negocio tome forma, adquiera una personalidad relevante y tenga la capacidad de hablar con su propia voz. El desarrollo de su marca define la imagen de la empresa y permite un impacto positivo en la percepci\u00f3n que los clientes tienen de su ofertas y de su empresa<\/span><\/p>\n<p><span style=\"font-size: 14pt;\"><div class=\"g-hr\">\r\n\t\t\t\t\t\t<span class=\"g-hr-h\">\r\n\t\t\t\t\t\t\t<i class=\"fa fa-star\"><\/i>\r\n\t\t\t\t\t\t<\/span>\r\n\t\t\t\t\t<\/div><\/span><\/p>\n<p><span style=\"font-size: 14pt;\"><img loading=\"lazy\" decoding=\"async\" class=\" wp-image-15981 alignright\" src=\"http:\/\/servicios.abclatino.com\/wp-content\/uploads\/2017\/09\/social-media-icons-300x188.jpg\" alt=\"\" width=\"439\" height=\"275\" srcset=\"https:\/\/servicios.abclatino.com\/wp-content\/uploads\/2017\/09\/social-media-icons-300x188.jpg 300w, https:\/\/servicios.abclatino.com\/wp-content\/uploads\/2017\/09\/social-media-icons-768x480.jpg 768w, https:\/\/servicios.abclatino.com\/wp-content\/uploads\/2017\/09\/social-media-icons-1024x640.jpg 1024w, https:\/\/servicios.abclatino.com\/wp-content\/uploads\/2017\/09\/social-media-icons-600x375.jpg 600w, https:\/\/servicios.abclatino.com\/wp-content\/uploads\/2017\/09\/social-media-icons.jpg 1920w\" sizes=\"(max-width: 439px) 100vw, 439px\" \/><\/span><\/p>\n<p><span style=\"font-size: 14pt;\"><strong>Publicidad de medios sociales<\/strong><\/span><\/p>\n<p><span style=\"font-size: 14pt;\">Si usted se est\u00e1 preguntando si el marketing de medios sociales es adecuado para su negocio, la respuesta es &#8230; las redes sociales es una gran manera de impulsar el negocio de repetir y atraer a nuevos clientes. Si usted apenas est\u00e1 comenzando, consid\u00e9rese para ser un favorable o ha estado sent\u00e1ndose en las l\u00edneas laterales [Spanish] &#8211; estamos aqu\u00ed ayudar. Los medios sociales son la tecnolog\u00eda que permite a las personas conectarse, ya sea para compartir im\u00e1genes, ideas y contenido o simplemente para chatear. Ofrecemos ingenio, innovaci\u00f3n y experiencia combinados en el uso de todos los canales disponibles. Tenemos muchas historias de \u00e9xito en la estrategia de marketing digital. Dise\u00f1amos su estrategia de medios sociales adaptada a su negocio. Definimos metas basadas en los perfiles que son apropiados para sus intereses de marca, creamos una comunidad buscando activamente aficionados, distribuyendo contenido relevante y uni\u00e9ndonos a la conversaci\u00f3n.<\/span><\/p>\n<p><span style=\"font-size: 14pt;\"><div class=\"g-hr\">\r\n\t\t\t\t\t\t<span class=\"g-hr-h\">\r\n\t\t\t\t\t\t\t<i class=\"fa fa-star\"><\/i>\r\n\t\t\t\t\t\t<\/span>\r\n\t\t\t\t\t<\/div><\/span><\/p>\n<p><span style=\"font-size: 14pt;\"><img loading=\"lazy\" decoding=\"async\" class=\" wp-image-15972 alignleft\" src=\"http:\/\/servicios.abclatino.com\/wp-content\/uploads\/2017\/09\/Marketing-Strategy-300x220.jpg\" alt=\"\" width=\"436\" height=\"320\" srcset=\"https:\/\/servicios.abclatino.com\/wp-content\/uploads\/2017\/09\/Marketing-Strategy-300x220.jpg 300w, https:\/\/servicios.abclatino.com\/wp-content\/uploads\/2017\/09\/Marketing-Strategy-768x564.jpg 768w, https:\/\/servicios.abclatino.com\/wp-content\/uploads\/2017\/09\/Marketing-Strategy-1024x752.jpg 1024w, https:\/\/servicios.abclatino.com\/wp-content\/uploads\/2017\/09\/Marketing-Strategy-545x400.jpg 545w, https:\/\/servicios.abclatino.com\/wp-content\/uploads\/2017\/09\/Marketing-Strategy.jpg 1280w\" sizes=\"(max-width: 436px) 100vw, 436px\" \/><\/span><\/p>\n<p><span style=\"font-size: 14pt;\"><strong>Desarrollo de sitios web<\/strong><strong>\u00a0<\/strong>Dise\u00f1amos p\u00e1ginas web \u00fanicas y personalizadas para cada cliente, siempre utilizando las \u00faltimas tecnolog\u00edas disponibles, optimizadas para el posicionamiento en buscadores, cargar r\u00e1pidamente y atraer a m\u00e1s clientes.\u00a0Nuestro equipo de desarrollo de sitios web desarrolla sitios web m\u00f3viles. (Mostrar en y adaptable en dispositivos m\u00f3viles, smartphones y tabletas). Ayudamos a empresas como la suya a aumentar los objetivos de negocio ya mostrar lo mejor que pueden ser; Todos con un toque de distinci\u00f3n. Dise\u00f1amos y construimos sitios web eficientes y precisos para influir en las ventas. Visualizamos su sitio web como una perfecta integraci\u00f3n de dise\u00f1o, estrategia, tecnolog\u00eda y publicidad. Cuando todo fluye, la magia sucede.<\/span><\/p>\n<p><span style=\"font-size: 14pt;\"><div class=\"g-hr\">\r\n\t\t\t\t\t\t<span class=\"g-hr-h\">\r\n\t\t\t\t\t\t\t<i class=\"fa fa-star\"><\/i>\r\n\t\t\t\t\t\t<\/span>\r\n\t\t\t\t\t<\/div><\/span><\/p>\n<p><span style=\"font-size: 14pt;\"><img loading=\"lazy\" decoding=\"async\" class=\" wp-image-15977 alignright\" src=\"http:\/\/servicios.abclatino.com\/wp-content\/uploads\/2017\/09\/email-marketing-in-300x200.jpg\" alt=\"\" width=\"391\" height=\"260\" srcset=\"https:\/\/servicios.abclatino.com\/wp-content\/uploads\/2017\/09\/email-marketing-in-300x200.jpg 300w, https:\/\/servicios.abclatino.com\/wp-content\/uploads\/2017\/09\/email-marketing-in-768x512.jpg 768w, https:\/\/servicios.abclatino.com\/wp-content\/uploads\/2017\/09\/email-marketing-in-1024x682.jpg 1024w, https:\/\/servicios.abclatino.com\/wp-content\/uploads\/2017\/09\/email-marketing-in-600x400.jpg 600w, https:\/\/servicios.abclatino.com\/wp-content\/uploads\/2017\/09\/email-marketing-in.jpg 1688w\" sizes=\"(max-width: 391px) 100vw, 391px\" \/><\/span><\/p>\n<p><span style=\"font-size: 14pt;\"><strong>Publicidad por Email<\/strong><\/span><\/p>\n<p><span style=\"font-size: 14pt;\">Una de las mejores maneras de mantenerse en contacto con sus clientes y hacerles saber sobre ofertas especiales, eventos y ofertas de productos es comunicarse con ellos por correo electr\u00f3nico. La comercializaci\u00f3n eficaz del email ayuda a mantenerle fresco en las mentes de clientes existentes y le permite personalizar su mensaje a nuevos clientes. Comercializaci\u00f3n de correo electr\u00f3nico generalmente consiste en el env\u00edo de anuncios, la solicitud de negocios, o solicitar ventas o donaciones, y tiene por objeto fomentar la lealtad, la confianza o la conciencia de marca.\u00a0La publicidad\u00a0por correo electr\u00f3nico es una de las herramientas de marketing m\u00e1s poderosas disponibles para las peque\u00f1as organizaciones de hoy en d\u00eda. El marketing por correo electr\u00f3nico puede entregar mensajes en tiempo real, ya que no toma mucho tiempo<\/span> <span style=\"font-size: 14pt;\">preparar la campa\u00f1a.<\/span><\/p>\n<p>&nbsp;<\/p>\n<\/div><\/div>","protected":false},"excerpt":{"rendered":"<p>Nuestros Servicios Publicidad en la revista digital Nuestra revista alcanza y se enfoca en el mercado hispano y la poblaci\u00f3n latina como&hellip;<\/p>\n","protected":false},"author":1,"featured_media":0,"parent":0,"menu_order":0,"comment_status":"closed","ping_status":"closed","template":"","meta":{"footnotes":""},"_links":{"self":[{"href":"https:\/\/servicios.abclatino.com\/es\/wp-json\/wp\/v2\/pages\/15967"}],"collection":[{"href":"https:\/\/servicios.abclatino.com\/es\/wp-json\/wp\/v2\/pages"}],"about":[{"href":"https:\/\/servicios.abclatino.com\/es\/wp-json\/wp\/v2\/types\/page"}],"author":[{"embeddable":true,"href":"https:\/\/servicios.abclatino.com\/es\/wp-json\/wp\/v2\/users\/1"}],"replies":[{"embeddable":true,"href":"https:\/\/servicios.abclatino.com\/es\/wp-json\/wp\/v2\/comments?post=15967"}],"version-history":[{"count":0,"href":"https:\/\/servicios.abclatino.com\/es\/wp-json\/wp\/v2\/pages\/15967\/revisions"}],"wp:attachment":[{"href":"https:\/\/servicios.abclatino.com\/es\/wp-json\/wp\/v2\/media?parent=15967"}],"curies":[{"name":"wp","href":"https:\/\/api.w.org\/{rel}","templated":true}]}}