{"id":16231,"date":"2018-04-17T20:12:33","date_gmt":"2018-04-17T20:12:33","guid":{"rendered":"http:\/\/servicios.abclatino.com?page_id=16231"},"modified":"2025-11-06T19:16:32","modified_gmt":"2025-11-06T19:16:32","slug":"salud-2","status":"publish","type":"page","link":"https:\/\/servicios.abclatino.com\/es\/salud-2","title":{"rendered":"Salud"},"content":{"rendered":"<div class=\"l-subsection\"><div class=\"l-subsection-h g-html i-cf\"><p style=\"text-align: center;\"><img loading=\"lazy\" decoding=\"async\" class=\"alignnone wp-image-16217\" src=\"http:\/\/servicios.abclatino.com\/wp-content\/uploads\/2018\/04\/ABClatino-SALUD-logo-300x239.jpg\" alt=\"\" width=\"255\" height=\"203\" srcset=\"https:\/\/servicios.abclatino.com\/wp-content\/uploads\/2018\/04\/ABClatino-SALUD-logo-300x239.jpg 300w, https:\/\/servicios.abclatino.com\/wp-content\/uploads\/2018\/04\/ABClatino-SALUD-logo-768x613.jpg 768w, https:\/\/servicios.abclatino.com\/wp-content\/uploads\/2018\/04\/ABClatino-SALUD-logo-1024x817.jpg 1024w, https:\/\/servicios.abclatino.com\/wp-content\/uploads\/2018\/04\/ABClatino-SALUD-logo-501x400.jpg 501w\" sizes=\"(max-width: 255px) 100vw, 255px\" \/><\/p>\n<p>&nbsp;<\/p>\n<p style=\"text-align: center;\"><div class=\"g-hr\">\r\n\t\t\t\t\t\t<span class=\"g-hr-h\">\r\n\t\t\t\t\t\t\t<i class=\"fa fa-star\"><\/i>\r\n\t\t\t\t\t\t<\/span>\r\n\t\t\t\t\t<\/div>\n<p>&nbsp;<\/p>\n<p style=\"text-align: center;\"><strong><span style=\"font-size: 18pt;\"><img loading=\"lazy\" decoding=\"async\" class=\"alignnone wp-image-16229\" src=\"http:\/\/servicios.abclatino.com\/wp-content\/uploads\/2018\/04\/HealthFitness.png\" alt=\"\" width=\"729\" height=\"266\" srcset=\"https:\/\/servicios.abclatino.com\/wp-content\/uploads\/2018\/04\/HealthFitness.png 1000w, https:\/\/servicios.abclatino.com\/wp-content\/uploads\/2018\/04\/HealthFitness-300x110.png 300w, https:\/\/servicios.abclatino.com\/wp-content\/uploads\/2018\/04\/HealthFitness-768x280.png 768w, https:\/\/servicios.abclatino.com\/wp-content\/uploads\/2018\/04\/HealthFitness-600x219.png 600w\" sizes=\"(max-width: 729px) 100vw, 729px\" \/><\/span><\/strong><\/p>\n<div class=\"csColumn\" style=\"margin: 0px; padding: 0px; float: left; width: 17.4%;\" data-csstartpoint=\"15\" data-csendpoint=\"182\" data-cswidth=\"17.4%\" data-csid=\"d64fa346-3dec-57fa-b168-e8301456a70d\">\n<h3 style=\"text-align: center;\"><span style=\"font-size: 18pt;\"><strong><a href=\"https:\/\/servicios.abclatino.com\/es\/temas\">TEMAS<\/a>\u00a0 <\/strong><\/span><\/h3>\n<h3><\/h3>\n<h3 style=\"text-align: center;\"><\/h3>\n<\/div>\n<div class=\"csColumnGap\" style=\"margin: 0px; padding: 0px; float: left; width: 2.08%;\"><span style=\"font-size: 18pt;\"><img decoding=\"async\" style=\"border: none;\" src=\"http:\/\/servicios.abclatino.com\/wp-content\/plugins\/advanced-wp-columns\/assets\/js\/plugins\/views\/img\/1x1-pixel.png\" \/><\/span><\/div>\n<div class=\"csColumn\" style=\"margin: 0px; padding: 0px; float: left; width: 17.9%;\" data-csstartpoint=\"202\" data-csendpoint=\"374\" data-cswidth=\"17.9%\" data-csid=\"25c55221-0574-9ee0-a311-d908b66739d6\">\n<h3 style=\"text-align: center;\"><span style=\"font-size: 18pt;\"><strong><a href=\"https:\/\/servicios.abclatino.com\/es\/boletin\">BOLET\u00cdN<\/a><\/strong><\/span><\/h3>\n<p>&nbsp;<\/p>\n<h3 style=\"text-align: center;\"><span style=\"font-size: 18pt;\"><a href=\"https:\/\/servicios.abclatino.com\/es\/bienestar-en-casa\"><strong>BIENESTAR\u00a0<\/strong><\/a><\/span><\/h3>\n<\/div>\n<div class=\"csColumnGap\" style=\"margin: 0px; padding: 0px; float: left; width: 2.08%;\"><span style=\"font-size: 18pt;\"><img decoding=\"async\" style=\"border: none;\" src=\"http:\/\/servicios.abclatino.com\/wp-content\/plugins\/advanced-wp-columns\/assets\/js\/plugins\/views\/img\/1x1-pixel.png\" \/><\/span><\/div>\n<div class=\"csColumn\" style=\"margin: 0px; padding: 0px; float: left; width: 18.1%;\" data-csstartpoint=\"394\" data-csendpoint=\"568\" data-cswidth=\"18.1%\" data-csid=\"dc77b9c3-7af2-704e-99a1-1e5f32f86497\">\n<h3 style=\"text-align: center;\"><span style=\"font-size: 18pt;\"><strong><a href=\"https:\/\/servicios.abclatino.com\/es\/consejos-de-especialistas\">CONSEJOS DE ESPECIALISTAS<\/a><\/strong><\/span><\/h3>\n<\/div>\n<div class=\"csColumnGap\" style=\"margin: 0px; padding: 0px; float: left; width: 2.08%;\"><span style=\"font-size: 18pt;\"><img decoding=\"async\" style=\"border: none;\" src=\"http:\/\/servicios.abclatino.com\/wp-content\/plugins\/advanced-wp-columns\/assets\/js\/plugins\/views\/img\/1x1-pixel.png\" \/><\/span><\/div>\n<div class=\"csColumn\" style=\"margin: 0px; padding: 0px; float: left; width: 18%;\" data-csstartpoint=\"588\" data-csendpoint=\"761\" data-cswidth=\"18.0%\" data-csid=\"06507ca3-5bbe-d417-9373-e305340c9790\">\n<h3 style=\"text-align: center;\"><span style=\"font-size: 18pt;\"><strong><a href=\"https:\/\/servicios.abclatino.com\/es\/radio-show\">PROGRAMA DE RADIO<\/a><\/strong><\/span><\/h3>\n<h3 style=\"text-align: center;\"><span style=\"font-size: 18pt;\"><strong><a href=\"https:\/\/servicios.abclatino.com\/es\/coronavirus\">CORONAVIRUS<\/a><\/strong><\/span><\/h3>\n<h3 style=\"text-align: center;\"><\/h3>\n<\/div>\n<div class=\"csColumnGap\" style=\"margin: 0px; padding: 0px; float: left; width: 1.98%;\"><span style=\"font-size: 18pt;\"><img decoding=\"async\" style=\"border: none;\" src=\"http:\/\/servicios.abclatino.com\/wp-content\/plugins\/advanced-wp-columns\/assets\/js\/plugins\/views\/img\/1x1-pixel.png\" \/><\/span><\/div>\n<div class=\"csColumn\" style=\"margin: 0px; padding: 0px; float: left; width: 17.9%;\" data-csstartpoint=\"780\" data-csendpoint=\"952\" data-cswidth=\"17.9%\" data-csid=\"195f1061-0414-e362-96e9-c5993d134830\">\n<h3 style=\"text-align: center;\"><span style=\"font-size: 18pt;\"><strong><a href=\"https:\/\/servicios.abclatino.com\/es\/historias-de-vida\">HISTORIAS DE VIDA<\/a><\/strong><\/span><\/h3>\n<\/div>\n<p>&nbsp;<\/p>\n<p style=\"text-align: center;\"><span style=\"font-size: 18pt;\"><strong><span lang=\"es\">\u00a0 \u00a0\u00a0<\/span><\/strong><\/span><\/p>\n<p>&nbsp;<\/p>\n<p>&nbsp;<\/p>\n<p>&nbsp;<\/p>\n<p style=\"text-align: center;\"><a href=\"https:\/\/conta.cc\/3ZmXIwL\" target=\"_blank\" rel=\"noopener\"><span style=\"font-size: 18pt;\"><span lang=\"es\"><img loading=\"lazy\" decoding=\"async\" class=\"aligncenter wp-image-18753\" src=\"https:\/\/servicios.abclatino.com\/wp-content\/uploads\/2023\/04\/Holistic-Day-2023-Banner-1024x473.jpg\" alt=\"\" width=\"1175\" height=\"543\" srcset=\"https:\/\/servicios.abclatino.com\/wp-content\/uploads\/2023\/04\/Holistic-Day-2023-Banner-1024x473.jpg 1024w, https:\/\/servicios.abclatino.com\/wp-content\/uploads\/2023\/04\/Holistic-Day-2023-Banner-300x139.jpg 300w, https:\/\/servicios.abclatino.com\/wp-content\/uploads\/2023\/04\/Holistic-Day-2023-Banner-768x355.jpg 768w, https:\/\/servicios.abclatino.com\/wp-content\/uploads\/2023\/04\/Holistic-Day-2023-Banner-1536x709.jpg 1536w, https:\/\/servicios.abclatino.com\/wp-content\/uploads\/2023\/04\/Holistic-Day-2023-Banner-600x277.jpg 600w, https:\/\/servicios.abclatino.com\/wp-content\/uploads\/2023\/04\/Holistic-Day-2023-Banner.jpg 1858w\" sizes=\"(max-width: 1175px) 100vw, 1175px\" \/><\/span><\/span><\/a><\/p>\n<p>&nbsp;<\/p>\n<p style=\"text-align: center;\"><span style=\"font-size: 18pt;\"><span lang=\"es\">Bienvenidos a la secci\u00f3n <em><strong>Hablemos de salud de ABClatino<\/strong><\/em>. Esta secci\u00f3n presenta informaci\u00f3n importante y es una iniciativa enfocada en problemas de salud que afectan a nuestra comunidad. Haga clic a continuaci\u00f3n en nuestros enlaces de Salud y los art\u00edculos informativos, boletines, recursos y contenido multimedia. Gracias por visitarnos.<\/span><\/span><\/p>\n<p style=\"text-align: center;\"><div class=\"g-hr\">\r\n\t\t\t\t\t\t<span class=\"g-hr-h\">\r\n\t\t\t\t\t\t\t<i class=\"fa fa-star\"><\/i>\r\n\t\t\t\t\t\t<\/span>\r\n\t\t\t\t\t<\/div>\n<p style=\"text-align: center;\"><iframe loading=\"lazy\" src=\"https:\/\/www.youtube.com\/embed\/1Dyz0BY966M\" width=\"560\" height=\"315\" frameborder=\"0\" allowfullscreen=\"allowfullscreen\" data-mce-fragment=\"1\"><\/iframe><\/p>\n<p style=\"text-align: center;\"><strong><span style=\"font-size: 18pt;\">Este programa es posible en parte gracias a la financiaci\u00f3n de<\/span><\/strong><\/p>\n<p>&nbsp;<\/p>\n<p style=\"text-align: center;\"><a href=\"http:\/\/www.fchealth.org\/\" target=\"_blank\" rel=\"noopener noreferrer\"><img loading=\"lazy\" decoding=\"async\" class=\"aligncenter size-medium wp-image-17172\" src=\"http:\/\/servicios.abclatino.com\/wp-content\/uploads\/2019\/04\/Foundation-for-Community-Health-221x300.png\" alt=\"\" width=\"221\" height=\"300\" srcset=\"https:\/\/servicios.abclatino.com\/wp-content\/uploads\/2019\/04\/Foundation-for-Community-Health-221x300.png 221w, https:\/\/servicios.abclatino.com\/wp-content\/uploads\/2019\/04\/Foundation-for-Community-Health-295x400.png 295w, https:\/\/servicios.abclatino.com\/wp-content\/uploads\/2019\/04\/Foundation-for-Community-Health.png 654w\" sizes=\"(max-width: 221px) 100vw, 221px\" \/><\/a><\/p>\n<p style=\"text-align: center;\">\n<p>&nbsp;<\/p>\n<\/div><\/div>","protected":false},"excerpt":{"rendered":"<p>&nbsp; &nbsp; TEMAS\u00a0 BOLET\u00cdN &nbsp; BIENESTAR\u00a0 CONSEJOS DE ESPECIALISTAS PROGRAMA DE RADIO CORONAVIRUS HISTORIAS DE VIDA &nbsp; \u00a0 \u00a0\u00a0 &nbsp; &nbsp; &nbsp;&hellip;<\/p>\n","protected":false},"author":1,"featured_media":0,"parent":0,"menu_order":0,"comment_status":"closed","ping_status":"closed","template":"","meta":{"footnotes":""},"_links":{"self":[{"href":"https:\/\/servicios.abclatino.com\/es\/wp-json\/wp\/v2\/pages\/16231"}],"collection":[{"href":"https:\/\/servicios.abclatino.com\/es\/wp-json\/wp\/v2\/pages"}],"about":[{"href":"https:\/\/servicios.abclatino.com\/es\/wp-json\/wp\/v2\/types\/page"}],"author":[{"embeddable":true,"href":"https:\/\/servicios.abclatino.com\/es\/wp-json\/wp\/v2\/users\/1"}],"replies":[{"embeddable":true,"href":"https:\/\/servicios.abclatino.com\/es\/wp-json\/wp\/v2\/comments?post=16231"}],"version-history":[{"count":4,"href":"https:\/\/servicios.abclatino.com\/es\/wp-json\/wp\/v2\/pages\/16231\/revisions"}],"predecessor-version":[{"id":19293,"href":"https:\/\/servicios.abclatino.com\/es\/wp-json\/wp\/v2\/pages\/16231\/revisions\/19293"}],"wp:attachment":[{"href":"https:\/\/servicios.abclatino.com\/es\/wp-json\/wp\/v2\/media?parent=16231"}],"curies":[{"name":"wp","href":"https:\/\/api.w.org\/{rel}","templated":true}]}}